{"id":1013,"date":"2017-03-29T17:44:48","date_gmt":"2017-03-29T16:44:48","guid":{"rendered":"http:\/\/www.gliavolesinelmondo.it\/?page_id=1013"},"modified":"2017-07-19T14:54:57","modified_gmt":"2017-07-19T13:54:57","slug":"lassociazione","status":"publish","type":"page","link":"https:\/\/www.gliavolesinelmondo.it\/index.php\/lassociazione\/","title":{"rendered":"L&#8217;associazione"},"content":{"rendered":"<p>L&#8217;associazione \u00e8 stata ideata per sviluppare e mantenere vivi i legami culturali tra i residenti e quanti si trovano fuori dalla citt\u00e0 nat\u00eca, nonch\u00e9 di ravvivare la memoria di quelli che ci hanno preceduto. <span class=\"style1\">Avola<\/span> \u00e8 ricca di intellettuali e di professionisti di grande valore, ma quasi tutti hanno la tendenza o quasi\u00a0l&#8217;avversione a farsi conoscere e mostrare le proprie virt\u00f9. E&#8217; questo sentimento che vogliamo combattere e fare in modo che le loro capacit\u00e0 si esprimano in modo aperto perch\u00e9 il loro esempio sia di sprone ai giovani.<\/p>\n<p>Uno dei compiti dell&#8217;associazione \u00e8 quello di non dimenticare le nostre origini sia illustri che meno illustri, perch\u00e9 entrambe ci appartengono e sono le radici delle generazioni presenti.<\/p>\n<p>Non dobbiamo dimenticare i nomi di illustri concittadini come <span class=\"style3\">G. Bianca, Falbo, Santuccio, Patti<\/span> e tanti altri non meno importanti. Farli cadere nell&#8217;oblio sarebbe per noi un comportamento imperdonabile. Per raggiungere tale scopo e stato previsto nello statuto la istituzione di un <span class=\"style1\">&#8220;LIBRO D&#8217;ORO&#8221;<\/span> nel quale saranno iscritti i nomi dei cittadini benemeriti accompagnati da brevi cenni biografici. L&#8217;Associazione si prefigge, inoltre, la realizzazione di molteplici attivit\u00e0 culturali mediante la\u00a0istituzione di comitati per la promozione e la valorizzazione degli aspetti artistici e storici della nostra citt\u00e0.<\/p>\n<p>Tutti noi speriamo che questa iniziativa sia portata avanti con la buona volont\u00e0 e collaborazione di quanti condividono gli scopi dell&#8217;Associazione.<\/p>\n","protected":false},"excerpt":{"rendered":"<p>L&#8217;associazione \u00e8 stata ideata per sviluppare e mantenere vivi i legami culturali tra i residenti e quanti si trovano fuori dalla citt\u00e0 nat\u00eca, nonch\u00e9 di ravvivare la memoria di quelli che ci hanno preceduto. Avola \u00e8 ricca di intellettuali e di professionisti di grande valore, ma quasi tutti hanno la tendenza o quasi\u00a0l&#8217;avversione a farsi &hellip; <a href=\"https:\/\/www.gliavolesinelmondo.it\/index.php\/lassociazione\/\" class=\"more-link\">Leggi tutto <span class=\"screen-reader-text\">L&#8217;associazione<\/span><\/a><\/p>\n","protected":false},"author":21,"featured_media":0,"parent":0,"menu_order":0,"comment_status":"closed","ping_status":"closed","template":"","meta":{"footnotes":""},"tags":[25,36],"class_list":["post-1013","page","type-page","status-publish","hentry","tag-avola","tag-gli-avolesi-nel-mondo","no-featured-image"],"jetpack_sharing_enabled":true,"jetpack_shortlink":"https:\/\/wp.me\/P5BIdv-gl","_links":{"self":[{"href":"https:\/\/www.gliavolesinelmondo.it\/index.php\/wp-json\/wp\/v2\/pages\/1013","targetHints":{"allow":["GET"]}}],"collection":[{"href":"https:\/\/www.gliavolesinelmondo.it\/index.php\/wp-json\/wp\/v2\/pages"}],"about":[{"href":"https:\/\/www.gliavolesinelmondo.it\/index.php\/wp-json\/wp\/v2\/types\/page"}],"author":[{"embeddable":true,"href":"https:\/\/www.gliavolesinelmondo.it\/index.php\/wp-json\/wp\/v2\/users\/21"}],"replies":[{"embeddable":true,"href":"https:\/\/www.gliavolesinelmondo.it\/index.php\/wp-json\/wp\/v2\/comments?post=1013"}],"version-history":[{"count":2,"href":"https:\/\/www.gliavolesinelmondo.it\/index.php\/wp-json\/wp\/v2\/pages\/1013\/revisions"}],"predecessor-version":[{"id":1620,"href":"https:\/\/www.gliavolesinelmondo.it\/index.php\/wp-json\/wp\/v2\/pages\/1013\/revisions\/1620"}],"wp:attachment":[{"href":"https:\/\/www.gliavolesinelmondo.it\/index.php\/wp-json\/wp\/v2\/media?parent=1013"}],"wp:term":[{"taxonomy":"post_tag","embeddable":true,"href":"https:\/\/www.gliavolesinelmondo.it\/index.php\/wp-json\/wp\/v2\/tags?post=1013"}],"curies":[{"name":"wp","href":"https:\/\/api.w.org\/{rel}","templated":true}]}}